{"id":2471,"date":"2021-09-20T02:06:02","date_gmt":"2021-09-20T02:06:02","guid":{"rendered":"https:\/\/patiocanelas.com\/patiowp\/?page_id=2471"},"modified":"2021-09-20T02:45:32","modified_gmt":"2021-09-20T02:45:32","slug":"birdwatching-es","status":"publish","type":"page","link":"https:\/\/patiocanelas.com\/patiowp\/es\/birdwatching-es\/","title":{"rendered":"Birdwatching es"},"content":{"rendered":"\t\t<div data-elementor-type=\"wp-post\" data-elementor-id=\"2471\" class=\"elementor elementor-2471\" data-elementor-post-type=\"page\">\n\t\t\t\t\t\t<section class=\"elementor-section elementor-top-section elementor-element elementor-element-303906c elementor-section-content-top elementor-section-boxed elementor-section-height-default elementor-section-height-default\" data-id=\"303906c\" data-element_type=\"section\">\n\t\t\t\t\t\t<div class=\"elementor-container elementor-column-gap-no\">\n\t\t\t\t\t<div class=\"elementor-column elementor-col-100 elementor-top-column elementor-element elementor-element-79e7669\" data-id=\"79e7669\" data-element_type=\"column\">\n\t\t\t<div class=\"elementor-widget-wrap elementor-element-populated\">\n\t\t\t\t\t\t<section class=\"elementor-section elementor-inner-section elementor-element elementor-element-df47cf2 elementor-section-boxed elementor-section-height-default elementor-section-height-default\" data-id=\"df47cf2\" data-element_type=\"section\">\n\t\t\t\t\t\t<div class=\"elementor-container elementor-column-gap-default\">\n\t\t\t\t\t<div class=\"elementor-column elementor-col-16 elementor-inner-column elementor-element elementor-element-d906d74\" data-id=\"d906d74\" data-element_type=\"column\">\n\t\t\t<div class=\"elementor-widget-wrap elementor-element-populated\">\n\t\t\t\t\t\t<div class=\"elementor-element elementor-element-5e2c24b elementor-position-top elementor-widget elementor-widget-image-box\" data-id=\"5e2c24b\" data-element_type=\"widget\" data-widget_type=\"image-box.default\">\n\t\t\t\t<div class=\"elementor-widget-container\">\n\t\t\t\t\t<div class=\"elementor-image-box-wrapper\"><figure class=\"elementor-image-box-img\"><a href=\"https:\/\/patiocanelas.com\/patiowp\/es\/caminada\/\" tabindex=\"-1\"><img decoding=\"async\" src=\"https:\/\/patiocanelas.com\/patiowp\/wp-content\/uploads\/elementor\/thumbs\/hiking-pfa8alrffcwktoj8s7ag0phiwmpi5sqd04x2m9xyye.png\" title=\"hiking\" alt=\"hiking\" loading=\"lazy\" \/><\/a><\/figure><div class=\"elementor-image-box-content\"><h3 class=\"elementor-image-box-title\"><a href=\"https:\/\/patiocanelas.com\/patiowp\/es\/caminada\/\">Caminadas<\/a><\/h3><p class=\"elementor-image-box-description\">Aventuras en la Naturaleza<\/p><\/div><\/div>\t\t\t\t<\/div>\n\t\t\t\t<\/div>\n\t\t\t\t\t<\/div>\n\t\t<\/div>\n\t\t\t\t<div class=\"elementor-column elementor-col-16 elementor-inner-column elementor-element elementor-element-1cae993\" data-id=\"1cae993\" data-element_type=\"column\">\n\t\t\t<div class=\"elementor-widget-wrap elementor-element-populated\">\n\t\t\t\t\t\t<div class=\"elementor-element elementor-element-c60c690 elementor-position-top elementor-widget elementor-widget-image-box\" data-id=\"c60c690\" data-element_type=\"widget\" data-widget_type=\"image-box.default\">\n\t\t\t\t<div class=\"elementor-widget-container\">\n\t\t\t\t\t<div class=\"elementor-image-box-wrapper\"><figure class=\"elementor-image-box-img\"><a href=\"https:\/\/patiocanelas.com\/patiowp\/es\/birdwatching-es\/\" tabindex=\"-1\"><img decoding=\"async\" src=\"https:\/\/patiocanelas.com\/patiowp\/wp-content\/uploads\/elementor\/thumbs\/birdwatch-pfa8ajvr1ou06glz36h6vpylpuyrqeiwbvm3nq0rau.png\" title=\"birdwatch\" alt=\"birdwatch\" loading=\"lazy\" \/><\/a><\/figure><div class=\"elementor-image-box-content\"><h3 class=\"elementor-image-box-title\"><a href=\"https:\/\/patiocanelas.com\/patiowp\/es\/birdwatching-es\/\">Bird Watching<\/a><\/h3><p class=\"elementor-image-box-description\">Zona Privilegiada <\/p><\/div><\/div>\t\t\t\t<\/div>\n\t\t\t\t<\/div>\n\t\t\t\t\t<\/div>\n\t\t<\/div>\n\t\t\t\t<div class=\"elementor-column elementor-col-16 elementor-inner-column elementor-element elementor-element-7d72db4\" data-id=\"7d72db4\" data-element_type=\"column\">\n\t\t\t<div class=\"elementor-widget-wrap elementor-element-populated\">\n\t\t\t\t\t\t<div class=\"elementor-element elementor-element-c2e2fef elementor-position-top elementor-widget elementor-widget-image-box\" data-id=\"c2e2fef\" data-element_type=\"widget\" data-widget_type=\"image-box.default\">\n\t\t\t\t<div class=\"elementor-widget-container\">\n\t\t\t\t\t<div class=\"elementor-image-box-wrapper\"><figure class=\"elementor-image-box-img\"><a href=\"https:\/\/patiocanelas.com\/patiowp\/es\/cicloturismo-es\/\" tabindex=\"-1\"><img decoding=\"async\" src=\"https:\/\/patiocanelas.com\/patiowp\/wp-content\/uploads\/elementor\/thumbs\/ciclismo-pfa8ah28h6q57mq2jn9b68o7xpco3b7pbhnn7w4xti.png\" title=\"ciclismo\" alt=\"ciclismo\" loading=\"lazy\" \/><\/a><\/figure><div class=\"elementor-image-box-content\"><h3 class=\"elementor-image-box-title\"><a href=\"https:\/\/patiocanelas.com\/patiowp\/es\/cicloturismo-es\/\">Ciclo Turismo<\/a><\/h3><p class=\"elementor-image-box-description\">Alquiler para paseo<\/p><\/div><\/div>\t\t\t\t<\/div>\n\t\t\t\t<\/div>\n\t\t\t\t\t<\/div>\n\t\t<\/div>\n\t\t\t\t<div class=\"elementor-column elementor-col-16 elementor-inner-column elementor-element elementor-element-7360639\" data-id=\"7360639\" data-element_type=\"column\">\n\t\t\t<div class=\"elementor-widget-wrap elementor-element-populated\">\n\t\t\t\t\t\t<div class=\"elementor-element elementor-element-dbde6cd elementor-position-top elementor-widget elementor-widget-image-box\" data-id=\"dbde6cd\" data-element_type=\"widget\" data-widget_type=\"image-box.default\">\n\t\t\t\t<div class=\"elementor-widget-container\">\n\t\t\t\t\t<div class=\"elementor-image-box-wrapper\"><figure class=\"elementor-image-box-img\"><a href=\"https:\/\/patiocanelas.com\/patiowp\/es\/aventua-es\/\" tabindex=\"-1\"><img decoding=\"async\" src=\"https:\/\/patiocanelas.com\/patiowp\/wp-content\/uploads\/elementor\/thumbs\/kitelogo-pfa8af6k3inkkessumg2195aqxlxnx08n8co9c7q5y.png\" title=\"kitelogo\" alt=\"kitelogo\" loading=\"lazy\" \/><\/a><\/figure><div class=\"elementor-image-box-content\"><h3 class=\"elementor-image-box-title\"><a href=\"https:\/\/patiocanelas.com\/patiowp\/es\/aventua-es\/\">Aventura<\/a><\/h3><p class=\"elementor-image-box-description\">Kiteboard etc.<\/p><\/div><\/div>\t\t\t\t<\/div>\n\t\t\t\t<\/div>\n\t\t\t\t\t<\/div>\n\t\t<\/div>\n\t\t\t\t<div class=\"elementor-column elementor-col-16 elementor-inner-column elementor-element elementor-element-38ca2f2\" data-id=\"38ca2f2\" data-element_type=\"column\">\n\t\t\t<div class=\"elementor-widget-wrap elementor-element-populated\">\n\t\t\t\t\t\t<div class=\"elementor-element elementor-element-95beb6e elementor-position-top elementor-widget elementor-widget-image-box\" data-id=\"95beb6e\" data-element_type=\"widget\" data-widget_type=\"image-box.default\">\n\t\t\t\t<div class=\"elementor-widget-container\">\n\t\t\t\t\t<div class=\"elementor-image-box-wrapper\"><figure class=\"elementor-image-box-img\"><a href=\"https:\/\/patiocanelas.com\/patiowp\/es\/parque-natural-es\/\" tabindex=\"-1\"><img decoding=\"async\" src=\"https:\/\/patiocanelas.com\/patiowp\/wp-content\/uploads\/elementor\/thumbs\/dunassjacinto-pfa8ae8pwoma8su6041fgrdu5jqkg7wib3p6s294c6.png\" title=\"dunassjacinto\" alt=\"dunassjacinto\" loading=\"lazy\" \/><\/a><\/figure><div class=\"elementor-image-box-content\"><h3 class=\"elementor-image-box-title\"><a href=\"https:\/\/patiocanelas.com\/patiowp\/es\/parque-natural-es\/\">Reserva Natural<\/a><\/h3><p class=\"elementor-image-box-description\">Dunas de S.Jacinto - Observar aves<\/p><\/div><\/div>\t\t\t\t<\/div>\n\t\t\t\t<\/div>\n\t\t\t\t\t<\/div>\n\t\t<\/div>\n\t\t\t\t<div class=\"elementor-column elementor-col-16 elementor-inner-column elementor-element elementor-element-70e5bdb\" data-id=\"70e5bdb\" data-element_type=\"column\">\n\t\t\t<div class=\"elementor-widget-wrap elementor-element-populated\">\n\t\t\t\t\t\t<div class=\"elementor-element elementor-element-090241d elementor-position-top elementor-widget elementor-widget-image-box\" data-id=\"090241d\" data-element_type=\"widget\" data-widget_type=\"image-box.default\">\n\t\t\t\t<div class=\"elementor-widget-container\">\n\t\t\t\t\t<div class=\"elementor-image-box-wrapper\"><figure class=\"elementor-image-box-img\"><a href=\"https:\/\/patiocanelas.com\/patiowp\/es\/turismo-ecuestre\/\" tabindex=\"-1\"><img decoding=\"async\" src=\"https:\/\/patiocanelas.com\/patiowp\/wp-content\/uploads\/elementor\/thumbs\/cavalos-pfa8acd1j0jplkwwb386bruwyrzu0tp1mue7tibwom.png\" title=\"cavalos\" alt=\"cavalos\" loading=\"lazy\" \/><\/a><\/figure><div class=\"elementor-image-box-content\"><h3 class=\"elementor-image-box-title\"><a href=\"https:\/\/patiocanelas.com\/patiowp\/es\/turismo-ecuestre\/\">Turismo Ecuestre<\/a><\/h3><p class=\"elementor-image-box-description\">Paseo a Cavalo<\/p><\/div><\/div>\t\t\t\t<\/div>\n\t\t\t\t<\/div>\n\t\t\t\t\t<\/div>\n\t\t<\/div>\n\t\t\t\t\t<\/div>\n\t\t<\/section>\n\t\t\t\t\t<\/div>\n\t\t<\/div>\n\t\t\t\t\t<\/div>\n\t\t<\/section>\n\t\t\t\t<section class=\"elementor-section elementor-top-section elementor-element elementor-element-3111092 elementor-section-boxed elementor-section-height-default elementor-section-height-default\" data-id=\"3111092\" data-element_type=\"section\">\n\t\t\t\t\t\t<div class=\"elementor-container elementor-column-gap-default\">\n\t\t\t\t\t<div class=\"elementor-column elementor-col-100 elementor-top-column elementor-element elementor-element-267ac83\" data-id=\"267ac83\" data-element_type=\"column\">\n\t\t\t<div class=\"elementor-widget-wrap elementor-element-populated\">\n\t\t\t\t\t\t<section class=\"elementor-section elementor-inner-section elementor-element elementor-element-32118c4 elementor-section-boxed elementor-section-height-default elementor-section-height-default\" data-id=\"32118c4\" data-element_type=\"section\">\n\t\t\t\t\t\t<div class=\"elementor-container elementor-column-gap-default\">\n\t\t\t\t\t<div class=\"elementor-column elementor-col-50 elementor-inner-column elementor-element elementor-element-405ae0a\" data-id=\"405ae0a\" data-element_type=\"column\">\n\t\t\t<div class=\"elementor-widget-wrap elementor-element-populated\">\n\t\t\t\t\t\t<div class=\"elementor-element elementor-element-3348fc0 elementor-widget elementor-widget-text-editor\" data-id=\"3348fc0\" data-element_type=\"widget\" data-widget_type=\"text-editor.default\">\n\t\t\t\t<div class=\"elementor-widget-container\">\n\t\t\t\t\t\t\t\t\t<h2><a href=\"http:\/\/www.bioria.com\/\">Bird watching<\/a><\/h2><p>La observaci\u00f3n de aves, tambi\u00e9n llamada avistamiento de aves o, empleando sus t\u00e9rminos con que es conocida en idioma ingl\u00e9s, birding o birdwatching, se refiere a una actividad centrada en la observaci\u00f3n y el estudio de las aves silvestres.<\/p><p>Esta afici\u00f3n es m\u00e1s bien desarrollada como ocio, y se basa en el arte de reconocer las distintas especies de aves por su plumaje o canto. Muchos se limitan a crear listas que muestran la cantidad de aves que concurren a un \u00e1rea particular; otros mantienen la lista de todas las especies que vieron en su vida (life list). Cada uno puede adentrarse y adaptar esta afici\u00f3n a su manera.<\/p><p>Algunos web sites con informaci\u00f3n de esta actividad.<\/p><p><a href=\"http:\/\/visitportugalbirdwatching.com\/?ria-de-aveiro,64\">visit PORTUGAL birdwatching<\/a><\/p><p><a href=\"http:\/\/www.visitcentrodeportugal.com.pt\/tag\/birdwatching\/\">Turismo de Portugal<\/a><\/p><p><a href=\"http:\/\/www.bioria.com\/\">www.bioria.com<\/a>\u00a0<\/p>\t\t\t\t\t\t\t\t<\/div>\n\t\t\t\t<\/div>\n\t\t\t\t\t<\/div>\n\t\t<\/div>\n\t\t\t\t<div class=\"elementor-column elementor-col-50 elementor-inner-column elementor-element elementor-element-7313d40\" data-id=\"7313d40\" data-element_type=\"column\">\n\t\t\t<div class=\"elementor-widget-wrap elementor-element-populated\">\n\t\t\t\t\t\t<div class=\"elementor-element elementor-element-7418212 elementor-widget elementor-widget-image\" data-id=\"7418212\" data-element_type=\"widget\" data-widget_type=\"image.default\">\n\t\t\t\t<div class=\"elementor-widget-container\">\n\t\t\t\t\t\t\t\t\t\t\t\t\t\t\t<img fetchpriority=\"high\" decoding=\"async\" width=\"600\" height=\"397\" src=\"https:\/\/patiocanelas.com\/patiowp\/wp-content\/uploads\/2021\/09\/Garca-Branca.jpg\" class=\"attachment-large size-large wp-image-2083\" alt=\"\" srcset=\"https:\/\/patiocanelas.com\/patiowp\/wp-content\/uploads\/2021\/09\/Garca-Branca.jpg 600w, https:\/\/patiocanelas.com\/patiowp\/wp-content\/uploads\/2021\/09\/Garca-Branca-300x199.jpg 300w\" sizes=\"(max-width: 600px) 100vw, 600px\" \/>\t\t\t\t\t\t\t\t\t\t\t\t\t\t\t<\/div>\n\t\t\t\t<\/div>\n\t\t\t\t\t<\/div>\n\t\t<\/div>\n\t\t\t\t\t<\/div>\n\t\t<\/section>\n\t\t\t\t\t<\/div>\n\t\t<\/div>\n\t\t\t\t\t<\/div>\n\t\t<\/section>\n\t\t\t\t<section class=\"elementor-section elementor-top-section elementor-element elementor-element-51cdc40 elementor-section-boxed elementor-section-height-default elementor-section-height-default\" data-id=\"51cdc40\" data-element_type=\"section\">\n\t\t\t\t\t\t<div class=\"elementor-container elementor-column-gap-default\">\n\t\t\t\t\t<div class=\"elementor-column elementor-col-100 elementor-top-column elementor-element elementor-element-ec8bb35\" data-id=\"ec8bb35\" data-element_type=\"column\">\n\t\t\t<div class=\"elementor-widget-wrap\">\n\t\t\t\t\t\t\t<\/div>\n\t\t<\/div>\n\t\t\t\t\t<\/div>\n\t\t<\/section>\n\t\t\t\t<\/div>\n\t\t","protected":false},"excerpt":{"rendered":"<p>Caminadas Aventuras en la Naturaleza Bird Watching Zona Privilegiada Ciclo Turismo Alquiler para paseo Aventura Kiteboard etc. Reserva Natural Dunas de S.Jacinto &#8211; Observar aves Turismo Ecuestre Paseo a Cavalo Bird watching La observaci\u00f3n de aves, tambi\u00e9n llamada avistamiento de aves o, empleando sus t\u00e9rminos con que es conocida en idioma ingl\u00e9s, birding o birdwatching, [&hellip;]<\/p>\n","protected":false},"author":1,"featured_media":0,"parent":0,"menu_order":0,"comment_status":"closed","ping_status":"closed","template":"","meta":{"site-sidebar-layout":"no-sidebar","site-content-layout":"page-builder","ast-site-content-layout":"default","site-content-style":"default","site-sidebar-style":"default","ast-global-header-display":"","ast-banner-title-visibility":"","ast-main-header-display":"","ast-hfb-above-header-display":"","ast-hfb-below-header-display":"","ast-hfb-mobile-header-display":"","site-post-title":"disabled","ast-breadcrumbs-content":"","ast-featured-img":"disabled","footer-sml-layout":"","theme-transparent-header-meta":"disabled","adv-header-id-meta":"","stick-header-meta":"","header-above-stick-meta":"","header-main-stick-meta":"","header-below-stick-meta":"","astra-migrate-meta-layouts":"default","ast-page-background-enabled":"default","ast-page-background-meta":{"desktop":{"background-color":"","background-image":"","background-repeat":"repeat","background-position":"center center","background-size":"auto","background-attachment":"scroll","background-type":"","background-media":"","overlay-type":"","overlay-color":"","overlay-opacity":"","overlay-gradient":""},"tablet":{"background-color":"","background-image":"","background-repeat":"repeat","background-position":"center center","background-size":"auto","background-attachment":"scroll","background-type":"","background-media":"","overlay-type":"","overlay-color":"","overlay-opacity":"","overlay-gradient":""},"mobile":{"background-color":"","background-image":"","background-repeat":"repeat","background-position":"center center","background-size":"auto","background-attachment":"scroll","background-type":"","background-media":"","overlay-type":"","overlay-color":"","overlay-opacity":"","overlay-gradient":""}},"ast-content-background-meta":{"desktop":{"background-color":"var(--ast-global-color-5)","background-image":"","background-repeat":"repeat","background-position":"center center","background-size":"auto","background-attachment":"scroll","background-type":"","background-media":"","overlay-type":"","overlay-color":"","overlay-opacity":"","overlay-gradient":""},"tablet":{"background-color":"var(--ast-global-color-5)","background-image":"","background-repeat":"repeat","background-position":"center center","background-size":"auto","background-attachment":"scroll","background-type":"","background-media":"","overlay-type":"","overlay-color":"","overlay-opacity":"","overlay-gradient":""},"mobile":{"background-color":"var(--ast-global-color-5)","background-image":"","background-repeat":"repeat","background-position":"center center","background-size":"auto","background-attachment":"scroll","background-type":"","background-media":"","overlay-type":"","overlay-color":"","overlay-opacity":"","overlay-gradient":""}},"ngg_post_thumbnail":0,"footnotes":""},"class_list":["post-2471","page","type-page","status-publish","hentry"],"_links":{"self":[{"href":"https:\/\/patiocanelas.com\/patiowp\/wp-json\/wp\/v2\/pages\/2471","targetHints":{"allow":["GET"]}}],"collection":[{"href":"https:\/\/patiocanelas.com\/patiowp\/wp-json\/wp\/v2\/pages"}],"about":[{"href":"https:\/\/patiocanelas.com\/patiowp\/wp-json\/wp\/v2\/types\/page"}],"author":[{"embeddable":true,"href":"https:\/\/patiocanelas.com\/patiowp\/wp-json\/wp\/v2\/users\/1"}],"replies":[{"embeddable":true,"href":"https:\/\/patiocanelas.com\/patiowp\/wp-json\/wp\/v2\/comments?post=2471"}],"version-history":[{"count":10,"href":"https:\/\/patiocanelas.com\/patiowp\/wp-json\/wp\/v2\/pages\/2471\/revisions"}],"predecessor-version":[{"id":2565,"href":"https:\/\/patiocanelas.com\/patiowp\/wp-json\/wp\/v2\/pages\/2471\/revisions\/2565"}],"wp:attachment":[{"href":"https:\/\/patiocanelas.com\/patiowp\/wp-json\/wp\/v2\/media?parent=2471"}],"curies":[{"name":"wp","href":"https:\/\/api.w.org\/{rel}","templated":true}]}}