{"id":2463,"date":"2021-09-20T02:00:14","date_gmt":"2021-09-20T02:00:14","guid":{"rendered":"https:\/\/patiocanelas.com\/patiowp\/?page_id=2463"},"modified":"2021-09-20T02:57:49","modified_gmt":"2021-09-20T02:57:49","slug":"promenade","status":"publish","type":"page","link":"https:\/\/patiocanelas.com\/patiowp\/fr\/promenade\/","title":{"rendered":"Promenade"},"content":{"rendered":"\t\t<div data-elementor-type=\"wp-post\" data-elementor-id=\"2463\" class=\"elementor elementor-2463\" data-elementor-post-type=\"page\">\n\t\t\t\t\t\t<section class=\"elementor-section elementor-top-section elementor-element elementor-element-303906c elementor-section-content-top elementor-section-boxed elementor-section-height-default elementor-section-height-default\" data-id=\"303906c\" data-element_type=\"section\">\n\t\t\t\t\t\t<div class=\"elementor-container elementor-column-gap-no\">\n\t\t\t\t\t<div class=\"elementor-column elementor-col-100 elementor-top-column elementor-element elementor-element-79e7669\" data-id=\"79e7669\" data-element_type=\"column\">\n\t\t\t<div class=\"elementor-widget-wrap elementor-element-populated\">\n\t\t\t\t\t\t<section class=\"elementor-section elementor-inner-section elementor-element elementor-element-04ca952 elementor-section-boxed elementor-section-height-default elementor-section-height-default\" data-id=\"04ca952\" data-element_type=\"section\">\n\t\t\t\t\t\t<div class=\"elementor-container elementor-column-gap-default\">\n\t\t\t\t\t<div class=\"elementor-column elementor-col-16 elementor-inner-column elementor-element elementor-element-c108c91\" data-id=\"c108c91\" data-element_type=\"column\">\n\t\t\t<div class=\"elementor-widget-wrap elementor-element-populated\">\n\t\t\t\t\t\t<div class=\"elementor-element elementor-element-1ca193b elementor-position-top elementor-widget elementor-widget-image-box\" data-id=\"1ca193b\" data-element_type=\"widget\" data-widget_type=\"image-box.default\">\n\t\t\t\t<div class=\"elementor-widget-container\">\n\t\t\t\t\t<div class=\"elementor-image-box-wrapper\"><figure class=\"elementor-image-box-img\"><a href=\"https:\/\/patiocanelas.com\/patiowp\/fr\/promenade\/\" tabindex=\"-1\"><img decoding=\"async\" src=\"https:\/\/patiocanelas.com\/patiowp\/wp-content\/uploads\/elementor\/thumbs\/hiking-pfa8alrffcwktoj8s7ag0phiwmpi5sqd04x2m9xyye.png\" title=\"hiking\" alt=\"hiking\" loading=\"lazy\" \/><\/a><\/figure><div class=\"elementor-image-box-content\"><h3 class=\"elementor-image-box-title\"><a href=\"https:\/\/patiocanelas.com\/patiowp\/fr\/promenade\/\">Promenades<\/a><\/h3><p class=\"elementor-image-box-description\">Aventures dans la nature<\/p><\/div><\/div>\t\t\t\t<\/div>\n\t\t\t\t<\/div>\n\t\t\t\t\t<\/div>\n\t\t<\/div>\n\t\t\t\t<div class=\"elementor-column elementor-col-16 elementor-inner-column elementor-element elementor-element-0e08e1a\" data-id=\"0e08e1a\" data-element_type=\"column\">\n\t\t\t<div class=\"elementor-widget-wrap elementor-element-populated\">\n\t\t\t\t\t\t<div class=\"elementor-element elementor-element-b85d8f5 elementor-position-top elementor-widget elementor-widget-image-box\" data-id=\"b85d8f5\" data-element_type=\"widget\" data-widget_type=\"image-box.default\">\n\t\t\t\t<div class=\"elementor-widget-container\">\n\t\t\t\t\t<div class=\"elementor-image-box-wrapper\"><figure class=\"elementor-image-box-img\"><a href=\"https:\/\/patiocanelas.com\/patiowp\/fr\/birdwatching-fr\/\" tabindex=\"-1\"><img decoding=\"async\" src=\"https:\/\/patiocanelas.com\/patiowp\/wp-content\/uploads\/elementor\/thumbs\/birdwatch-pfa8ajvr1ou06glz36h6vpylpuyrqeiwbvm3nq0rau.png\" title=\"birdwatch\" alt=\"birdwatch\" loading=\"lazy\" \/><\/a><\/figure><div class=\"elementor-image-box-content\"><h3 class=\"elementor-image-box-title\"><a href=\"https:\/\/patiocanelas.com\/patiowp\/fr\/birdwatching-fr\/\">Observation d\u2019 oiseaux<\/a><\/h3><p class=\"elementor-image-box-description\">Un endroit plein d'int\u00e9r\u00eat<\/p><\/div><\/div>\t\t\t\t<\/div>\n\t\t\t\t<\/div>\n\t\t\t\t\t<\/div>\n\t\t<\/div>\n\t\t\t\t<div class=\"elementor-column elementor-col-16 elementor-inner-column elementor-element elementor-element-9997d85\" data-id=\"9997d85\" data-element_type=\"column\">\n\t\t\t<div class=\"elementor-widget-wrap elementor-element-populated\">\n\t\t\t\t\t\t<div class=\"elementor-element elementor-element-ba9b573 elementor-position-top elementor-widget elementor-widget-image-box\" data-id=\"ba9b573\" data-element_type=\"widget\" data-widget_type=\"image-box.default\">\n\t\t\t\t<div class=\"elementor-widget-container\">\n\t\t\t\t\t<div class=\"elementor-image-box-wrapper\"><figure class=\"elementor-image-box-img\"><a href=\"https:\/\/patiocanelas.com\/patiowp\/fr\/cyclotourisme\/\" tabindex=\"-1\"><img decoding=\"async\" src=\"https:\/\/patiocanelas.com\/patiowp\/wp-content\/uploads\/elementor\/thumbs\/ciclismo-pfa8ah28h6q57mq2jn9b68o7xpco3b7pbhnn7w4xti.png\" title=\"ciclismo\" alt=\"ciclismo\" loading=\"lazy\" \/><\/a><\/figure><div class=\"elementor-image-box-content\"><h3 class=\"elementor-image-box-title\"><a href=\"https:\/\/patiocanelas.com\/patiowp\/fr\/cyclotourisme\/\">Cyclotourisme<\/a><\/h3><p class=\"elementor-image-box-description\">Location disponible<\/p><\/div><\/div>\t\t\t\t<\/div>\n\t\t\t\t<\/div>\n\t\t\t\t\t<\/div>\n\t\t<\/div>\n\t\t\t\t<div class=\"elementor-column elementor-col-16 elementor-inner-column elementor-element elementor-element-a25d790\" data-id=\"a25d790\" data-element_type=\"column\">\n\t\t\t<div class=\"elementor-widget-wrap elementor-element-populated\">\n\t\t\t\t\t\t<div class=\"elementor-element elementor-element-d9ace58 elementor-position-top elementor-widget elementor-widget-image-box\" data-id=\"d9ace58\" data-element_type=\"widget\" data-widget_type=\"image-box.default\">\n\t\t\t\t<div class=\"elementor-widget-container\">\n\t\t\t\t\t<div class=\"elementor-image-box-wrapper\"><figure class=\"elementor-image-box-img\"><a href=\"https:\/\/patiocanelas.com\/patiowp\/fr\/aventure\/\" tabindex=\"-1\"><img decoding=\"async\" src=\"https:\/\/patiocanelas.com\/patiowp\/wp-content\/uploads\/elementor\/thumbs\/kitelogo-pfa8af6k3inkkessumg2195aqxlxnx08n8co9c7q5y.png\" title=\"kitelogo\" alt=\"kitelogo\" loading=\"lazy\" \/><\/a><\/figure><div class=\"elementor-image-box-content\"><h3 class=\"elementor-image-box-title\"><a href=\"https:\/\/patiocanelas.com\/patiowp\/fr\/aventure\/\">Aventure<\/a><\/h3><p class=\"elementor-image-box-description\">Kiteboard etc.<\/p><\/div><\/div>\t\t\t\t<\/div>\n\t\t\t\t<\/div>\n\t\t\t\t\t<\/div>\n\t\t<\/div>\n\t\t\t\t<div class=\"elementor-column elementor-col-16 elementor-inner-column elementor-element elementor-element-421e0e7\" data-id=\"421e0e7\" data-element_type=\"column\">\n\t\t\t<div class=\"elementor-widget-wrap elementor-element-populated\">\n\t\t\t\t\t\t<div class=\"elementor-element elementor-element-1b09c10 elementor-position-top elementor-widget elementor-widget-image-box\" data-id=\"1b09c10\" data-element_type=\"widget\" data-widget_type=\"image-box.default\">\n\t\t\t\t<div class=\"elementor-widget-container\">\n\t\t\t\t\t<div class=\"elementor-image-box-wrapper\"><figure class=\"elementor-image-box-img\"><a href=\"https:\/\/patiocanelas.com\/patiowp\/fr\/reserve-naturelle\/\" tabindex=\"-1\"><img decoding=\"async\" src=\"https:\/\/patiocanelas.com\/patiowp\/wp-content\/uploads\/elementor\/thumbs\/dunassjacinto-pfa8ae8pwoma8su6041fgrdu5jqkg7wib3p6s294c6.png\" title=\"dunassjacinto\" alt=\"dunassjacinto\" loading=\"lazy\" \/><\/a><\/figure><div class=\"elementor-image-box-content\"><h3 class=\"elementor-image-box-title\"><a href=\"https:\/\/patiocanelas.com\/patiowp\/fr\/reserve-naturelle\/\">R\u00e9serve Naturelle<\/a><\/h3><p class=\"elementor-image-box-description\">Dunas de S.Jacinto<\/p><\/div><\/div>\t\t\t\t<\/div>\n\t\t\t\t<\/div>\n\t\t\t\t\t<\/div>\n\t\t<\/div>\n\t\t\t\t<div class=\"elementor-column elementor-col-16 elementor-inner-column elementor-element elementor-element-47d36c3\" data-id=\"47d36c3\" data-element_type=\"column\">\n\t\t\t<div class=\"elementor-widget-wrap elementor-element-populated\">\n\t\t\t\t\t\t<div class=\"elementor-element elementor-element-4bafd62 elementor-position-top elementor-widget elementor-widget-image-box\" data-id=\"4bafd62\" data-element_type=\"widget\" data-widget_type=\"image-box.default\">\n\t\t\t\t<div class=\"elementor-widget-container\">\n\t\t\t\t\t<div class=\"elementor-image-box-wrapper\"><figure class=\"elementor-image-box-img\"><a href=\"https:\/\/patiocanelas.com\/patiowp\/fr\/tourisme-equestre\/\" tabindex=\"-1\"><img decoding=\"async\" src=\"https:\/\/patiocanelas.com\/patiowp\/wp-content\/uploads\/elementor\/thumbs\/cavalos-pfa8acd1j0jplkwwb386bruwyrzu0tp1mue7tibwom.png\" title=\"cavalos\" alt=\"cavalos\" loading=\"lazy\" \/><\/a><\/figure><div class=\"elementor-image-box-content\"><h3 class=\"elementor-image-box-title\"><a href=\"https:\/\/patiocanelas.com\/patiowp\/fr\/tourisme-equestre\/\">Tourisme \u00c9questre<\/a><\/h3><p class=\"elementor-image-box-description\">Location et entrainement<\/p><\/div><\/div>\t\t\t\t<\/div>\n\t\t\t\t<\/div>\n\t\t\t\t\t<\/div>\n\t\t<\/div>\n\t\t\t\t\t<\/div>\n\t\t<\/section>\n\t\t\t\t\t<\/div>\n\t\t<\/div>\n\t\t\t\t\t<\/div>\n\t\t<\/section>\n\t\t\t\t<section class=\"elementor-section elementor-top-section elementor-element elementor-element-3111092 elementor-section-boxed elementor-section-height-default elementor-section-height-default\" data-id=\"3111092\" data-element_type=\"section\">\n\t\t\t\t\t\t<div class=\"elementor-container elementor-column-gap-default\">\n\t\t\t\t\t<div class=\"elementor-column elementor-col-100 elementor-top-column elementor-element elementor-element-267ac83\" data-id=\"267ac83\" data-element_type=\"column\">\n\t\t\t<div class=\"elementor-widget-wrap elementor-element-populated\">\n\t\t\t\t\t\t<div class=\"elementor-element elementor-element-dff47ac elementor-widget elementor-widget-heading\" data-id=\"dff47ac\" data-element_type=\"widget\" data-widget_type=\"heading.default\">\n\t\t\t\t<div class=\"elementor-widget-container\">\n\t\t\t\t\t<h2 class=\"elementor-heading-title elementor-size-default\">Promenades<\/h2>\t\t\t\t<\/div>\n\t\t\t\t<\/div>\n\t\t\t\t<section class=\"elementor-section elementor-inner-section elementor-element elementor-element-32118c4 elementor-section-boxed elementor-section-height-default elementor-section-height-default\" data-id=\"32118c4\" data-element_type=\"section\">\n\t\t\t\t\t\t<div class=\"elementor-container elementor-column-gap-default\">\n\t\t\t\t\t<div class=\"elementor-column elementor-col-50 elementor-inner-column elementor-element elementor-element-405ae0a\" data-id=\"405ae0a\" data-element_type=\"column\">\n\t\t\t<div class=\"elementor-widget-wrap elementor-element-populated\">\n\t\t\t\t\t\t<div class=\"elementor-element elementor-element-c2ddb90 elementor-widget elementor-widget-heading\" data-id=\"c2ddb90\" data-element_type=\"widget\" data-widget_type=\"heading.default\">\n\t\t\t\t<div class=\"elementor-widget-container\">\n\t\t\t\t\t<h1 class=\"elementor-heading-title elementor-size-large\"><a href=\"http:\/\/www.bioria.com\/\" target=\"_blank\">Bioria<\/a><\/h1>\t\t\t\t<\/div>\n\t\t\t\t<\/div>\n\t\t\t\t<div class=\"elementor-element elementor-element-3348fc0 elementor-widget elementor-widget-text-editor\" data-id=\"3348fc0\" data-element_type=\"widget\" data-widget_type=\"text-editor.default\">\n\t\t\t\t<div class=\"elementor-widget-container\">\n\t\t\t\t\t\t\t\t\t<p>La r\u00e9gion d\u2019Estarreja poss\u00e8de un patrimoine naturel tr\u00e8s riche et diversifi\u00e9. Malheureusement, il n\u2019a pas toujours \u00e9t\u00e9 reconnu et respect\u00e9. \u00a0D\u00e9velopp\u00e9 \u00e0 partir de la mairie, BioRia est un projet pionnier de conservation de la nature qui envisage de prot\u00e9ger cet \u00e9cosyst\u00e8me lui accordant son ancienne identit\u00e9. Le mot d\u2019ordre est d\u2019approcher les habitants la Lagune (Ria). En cons\u00e9quence, divers parcours ont \u00e9t\u00e9 cr\u00e9es qui permettent des promenades \u00e0 pied tout pr\u00e8s de l\u2019eau et le contact avec une faune et une flore tr\u00e8s \u00ab locales \u00bb.<\/p><p>Pour une information plus d\u00e9taill\u00e9e, consultez le\u00a0<em>site<\/em><\/p><p>\u00a0<a href=\"http:\/\/www.bioria.com\/\">www.bioria.com<\/a>\u00a0\u00a0<\/p>\t\t\t\t\t\t\t\t<\/div>\n\t\t\t\t<\/div>\n\t\t\t\t\t<\/div>\n\t\t<\/div>\n\t\t\t\t<div class=\"elementor-column elementor-col-50 elementor-inner-column elementor-element elementor-element-7313d40\" data-id=\"7313d40\" data-element_type=\"column\">\n\t\t\t<div class=\"elementor-widget-wrap elementor-element-populated\">\n\t\t\t\t\t\t<div class=\"elementor-element elementor-element-7418212 elementor-widget elementor-widget-image\" data-id=\"7418212\" data-element_type=\"widget\" data-widget_type=\"image.default\">\n\t\t\t\t<div class=\"elementor-widget-container\">\n\t\t\t\t\t\t\t\t\t\t\t\t\t\t\t<img fetchpriority=\"high\" decoding=\"async\" width=\"600\" height=\"448\" src=\"https:\/\/patiocanelas.com\/patiowp\/wp-content\/uploads\/2021\/09\/Cegonha-preta.jpg\" class=\"attachment-large size-large wp-image-2079\" alt=\"\" srcset=\"https:\/\/patiocanelas.com\/patiowp\/wp-content\/uploads\/2021\/09\/Cegonha-preta.jpg 600w, https:\/\/patiocanelas.com\/patiowp\/wp-content\/uploads\/2021\/09\/Cegonha-preta-300x224.jpg 300w\" sizes=\"(max-width: 600px) 100vw, 600px\" \/>\t\t\t\t\t\t\t\t\t\t\t\t\t\t\t<\/div>\n\t\t\t\t<\/div>\n\t\t\t\t\t<\/div>\n\t\t<\/div>\n\t\t\t\t\t<\/div>\n\t\t<\/section>\n\t\t\t\t\t<\/div>\n\t\t<\/div>\n\t\t\t\t\t<\/div>\n\t\t<\/section>\n\t\t\t\t<section class=\"elementor-section elementor-top-section elementor-element elementor-element-51cdc40 elementor-section-boxed elementor-section-height-default elementor-section-height-default\" data-id=\"51cdc40\" data-element_type=\"section\">\n\t\t\t\t\t\t<div class=\"elementor-container elementor-column-gap-default\">\n\t\t\t\t\t<div class=\"elementor-column elementor-col-100 elementor-top-column elementor-element elementor-element-ec8bb35\" data-id=\"ec8bb35\" data-element_type=\"column\">\n\t\t\t<div class=\"elementor-widget-wrap\">\n\t\t\t\t\t\t\t<\/div>\n\t\t<\/div>\n\t\t\t\t\t<\/div>\n\t\t<\/section>\n\t\t\t\t<\/div>\n\t\t","protected":false},"excerpt":{"rendered":"<p>Promenades Aventures dans la nature Observation d\u2019 oiseaux Un endroit plein d&#8217;int\u00e9r\u00eat Cyclotourisme Location disponible Aventure Kiteboard etc. R\u00e9serve Naturelle Dunas de S.Jacinto Tourisme \u00c9questre Location et entrainement Promenades Bioria La r\u00e9gion d\u2019Estarreja poss\u00e8de un patrimoine naturel tr\u00e8s riche et diversifi\u00e9. Malheureusement, il n\u2019a pas toujours \u00e9t\u00e9 reconnu et respect\u00e9. \u00a0D\u00e9velopp\u00e9 \u00e0 partir de la [&hellip;]<\/p>\n","protected":false},"author":1,"featured_media":0,"parent":0,"menu_order":0,"comment_status":"closed","ping_status":"closed","template":"","meta":{"site-sidebar-layout":"no-sidebar","site-content-layout":"page-builder","ast-site-content-layout":"default","site-content-style":"default","site-sidebar-style":"default","ast-global-header-display":"","ast-banner-title-visibility":"","ast-main-header-display":"","ast-hfb-above-header-display":"","ast-hfb-below-header-display":"","ast-hfb-mobile-header-display":"","site-post-title":"disabled","ast-breadcrumbs-content":"","ast-featured-img":"disabled","footer-sml-layout":"","theme-transparent-header-meta":"disabled","adv-header-id-meta":"","stick-header-meta":"","header-above-stick-meta":"","header-main-stick-meta":"","header-below-stick-meta":"","astra-migrate-meta-layouts":"default","ast-page-background-enabled":"default","ast-page-background-meta":{"desktop":{"background-color":"","background-image":"","background-repeat":"repeat","background-position":"center center","background-size":"auto","background-attachment":"scroll","background-type":"","background-media":"","overlay-type":"","overlay-color":"","overlay-opacity":"","overlay-gradient":""},"tablet":{"background-color":"","background-image":"","background-repeat":"repeat","background-position":"center center","background-size":"auto","background-attachment":"scroll","background-type":"","background-media":"","overlay-type":"","overlay-color":"","overlay-opacity":"","overlay-gradient":""},"mobile":{"background-color":"","background-image":"","background-repeat":"repeat","background-position":"center center","background-size":"auto","background-attachment":"scroll","background-type":"","background-media":"","overlay-type":"","overlay-color":"","overlay-opacity":"","overlay-gradient":""}},"ast-content-background-meta":{"desktop":{"background-color":"var(--ast-global-color-5)","background-image":"","background-repeat":"repeat","background-position":"center center","background-size":"auto","background-attachment":"scroll","background-type":"","background-media":"","overlay-type":"","overlay-color":"","overlay-opacity":"","overlay-gradient":""},"tablet":{"background-color":"var(--ast-global-color-5)","background-image":"","background-repeat":"repeat","background-position":"center center","background-size":"auto","background-attachment":"scroll","background-type":"","background-media":"","overlay-type":"","overlay-color":"","overlay-opacity":"","overlay-gradient":""},"mobile":{"background-color":"var(--ast-global-color-5)","background-image":"","background-repeat":"repeat","background-position":"center center","background-size":"auto","background-attachment":"scroll","background-type":"","background-media":"","overlay-type":"","overlay-color":"","overlay-opacity":"","overlay-gradient":""}},"ngg_post_thumbnail":0,"footnotes":""},"class_list":["post-2463","page","type-page","status-publish","hentry"],"_links":{"self":[{"href":"https:\/\/patiocanelas.com\/patiowp\/wp-json\/wp\/v2\/pages\/2463","targetHints":{"allow":["GET"]}}],"collection":[{"href":"https:\/\/patiocanelas.com\/patiowp\/wp-json\/wp\/v2\/pages"}],"about":[{"href":"https:\/\/patiocanelas.com\/patiowp\/wp-json\/wp\/v2\/types\/page"}],"author":[{"embeddable":true,"href":"https:\/\/patiocanelas.com\/patiowp\/wp-json\/wp\/v2\/users\/1"}],"replies":[{"embeddable":true,"href":"https:\/\/patiocanelas.com\/patiowp\/wp-json\/wp\/v2\/comments?post=2463"}],"version-history":[{"count":7,"href":"https:\/\/patiocanelas.com\/patiowp\/wp-json\/wp\/v2\/pages\/2463\/revisions"}],"predecessor-version":[{"id":2604,"href":"https:\/\/patiocanelas.com\/patiowp\/wp-json\/wp\/v2\/pages\/2463\/revisions\/2604"}],"wp:attachment":[{"href":"https:\/\/patiocanelas.com\/patiowp\/wp-json\/wp\/v2\/media?parent=2463"}],"curies":[{"name":"wp","href":"https:\/\/api.w.org\/{rel}","templated":true}]}}