{"id":2446,"date":"2021-09-20T01:53:46","date_gmt":"2021-09-20T01:53:46","guid":{"rendered":"https:\/\/patiocanelas.com\/patiowp\/?page_id=2446"},"modified":"2021-09-20T02:47:42","modified_gmt":"2021-09-20T02:47:42","slug":"aventua-es","status":"publish","type":"page","link":"https:\/\/patiocanelas.com\/patiowp\/es\/aventua-es\/","title":{"rendered":"Aventua es"},"content":{"rendered":"\t\t<div data-elementor-type=\"wp-post\" data-elementor-id=\"2446\" class=\"elementor elementor-2446\" data-elementor-post-type=\"page\">\n\t\t\t\t\t\t<section class=\"elementor-section elementor-top-section elementor-element elementor-element-303906c elementor-section-content-top elementor-section-boxed elementor-section-height-default elementor-section-height-default\" data-id=\"303906c\" data-element_type=\"section\">\n\t\t\t\t\t\t<div class=\"elementor-container elementor-column-gap-no\">\n\t\t\t\t\t<div class=\"elementor-column elementor-col-100 elementor-top-column elementor-element elementor-element-79e7669\" data-id=\"79e7669\" data-element_type=\"column\">\n\t\t\t<div class=\"elementor-widget-wrap elementor-element-populated\">\n\t\t\t\t\t\t<section class=\"elementor-section elementor-inner-section elementor-element elementor-element-ea4e876 elementor-section-boxed elementor-section-height-default elementor-section-height-default\" data-id=\"ea4e876\" data-element_type=\"section\">\n\t\t\t\t\t\t<div class=\"elementor-container elementor-column-gap-default\">\n\t\t\t\t\t<div class=\"elementor-column elementor-col-16 elementor-inner-column elementor-element elementor-element-18bf5e5\" data-id=\"18bf5e5\" data-element_type=\"column\">\n\t\t\t<div class=\"elementor-widget-wrap elementor-element-populated\">\n\t\t\t\t\t\t<div class=\"elementor-element elementor-element-97a1e0c elementor-position-top elementor-widget elementor-widget-image-box\" data-id=\"97a1e0c\" data-element_type=\"widget\" data-widget_type=\"image-box.default\">\n\t\t\t\t<div class=\"elementor-widget-container\">\n\t\t\t\t\t<div class=\"elementor-image-box-wrapper\"><figure class=\"elementor-image-box-img\"><a href=\"https:\/\/patiocanelas.com\/patiowp\/es\/caminada\/\" tabindex=\"-1\"><img decoding=\"async\" src=\"https:\/\/patiocanelas.com\/patiowp\/wp-content\/uploads\/elementor\/thumbs\/hiking-pfa8alrffcwktoj8s7ag0phiwmpi5sqd04x2m9xyye.png\" title=\"hiking\" alt=\"hiking\" loading=\"lazy\" \/><\/a><\/figure><div class=\"elementor-image-box-content\"><h3 class=\"elementor-image-box-title\"><a href=\"https:\/\/patiocanelas.com\/patiowp\/es\/caminada\/\">Caminadas<\/a><\/h3><p class=\"elementor-image-box-description\">Aventuras en la Naturaleza<\/p><\/div><\/div>\t\t\t\t<\/div>\n\t\t\t\t<\/div>\n\t\t\t\t\t<\/div>\n\t\t<\/div>\n\t\t\t\t<div class=\"elementor-column elementor-col-16 elementor-inner-column elementor-element elementor-element-9ed1ac2\" data-id=\"9ed1ac2\" data-element_type=\"column\">\n\t\t\t<div class=\"elementor-widget-wrap elementor-element-populated\">\n\t\t\t\t\t\t<div class=\"elementor-element elementor-element-ee4475c elementor-position-top elementor-widget elementor-widget-image-box\" data-id=\"ee4475c\" data-element_type=\"widget\" data-widget_type=\"image-box.default\">\n\t\t\t\t<div class=\"elementor-widget-container\">\n\t\t\t\t\t<div class=\"elementor-image-box-wrapper\"><figure class=\"elementor-image-box-img\"><a href=\"https:\/\/patiocanelas.com\/patiowp\/es\/birdwatching-es\/\" tabindex=\"-1\"><img decoding=\"async\" src=\"https:\/\/patiocanelas.com\/patiowp\/wp-content\/uploads\/elementor\/thumbs\/birdwatch-pfa8ajvr1ou06glz36h6vpylpuyrqeiwbvm3nq0rau.png\" title=\"birdwatch\" alt=\"birdwatch\" loading=\"lazy\" \/><\/a><\/figure><div class=\"elementor-image-box-content\"><h3 class=\"elementor-image-box-title\"><a href=\"https:\/\/patiocanelas.com\/patiowp\/es\/birdwatching-es\/\">Bird Watching<\/a><\/h3><p class=\"elementor-image-box-description\">Zona Privilegiada <\/p><\/div><\/div>\t\t\t\t<\/div>\n\t\t\t\t<\/div>\n\t\t\t\t\t<\/div>\n\t\t<\/div>\n\t\t\t\t<div class=\"elementor-column elementor-col-16 elementor-inner-column elementor-element elementor-element-27a8a0a\" data-id=\"27a8a0a\" data-element_type=\"column\">\n\t\t\t<div class=\"elementor-widget-wrap elementor-element-populated\">\n\t\t\t\t\t\t<div class=\"elementor-element elementor-element-bdcd3ee elementor-position-top elementor-widget elementor-widget-image-box\" data-id=\"bdcd3ee\" data-element_type=\"widget\" data-widget_type=\"image-box.default\">\n\t\t\t\t<div class=\"elementor-widget-container\">\n\t\t\t\t\t<div class=\"elementor-image-box-wrapper\"><figure class=\"elementor-image-box-img\"><a href=\"https:\/\/patiocanelas.com\/patiowp\/es\/cicloturismo-es\/\" tabindex=\"-1\"><img decoding=\"async\" src=\"https:\/\/patiocanelas.com\/patiowp\/wp-content\/uploads\/elementor\/thumbs\/ciclismo-pfa8ah28h6q57mq2jn9b68o7xpco3b7pbhnn7w4xti.png\" title=\"ciclismo\" alt=\"ciclismo\" loading=\"lazy\" \/><\/a><\/figure><div class=\"elementor-image-box-content\"><h3 class=\"elementor-image-box-title\"><a href=\"https:\/\/patiocanelas.com\/patiowp\/es\/cicloturismo-es\/\">Ciclo Turismo<\/a><\/h3><p class=\"elementor-image-box-description\">Alquiler para paseo<\/p><\/div><\/div>\t\t\t\t<\/div>\n\t\t\t\t<\/div>\n\t\t\t\t\t<\/div>\n\t\t<\/div>\n\t\t\t\t<div class=\"elementor-column elementor-col-16 elementor-inner-column elementor-element elementor-element-8fd8ec2\" data-id=\"8fd8ec2\" data-element_type=\"column\">\n\t\t\t<div class=\"elementor-widget-wrap elementor-element-populated\">\n\t\t\t\t\t\t<div class=\"elementor-element elementor-element-437fdce elementor-position-top elementor-widget elementor-widget-image-box\" data-id=\"437fdce\" data-element_type=\"widget\" data-widget_type=\"image-box.default\">\n\t\t\t\t<div class=\"elementor-widget-container\">\n\t\t\t\t\t<div class=\"elementor-image-box-wrapper\"><figure class=\"elementor-image-box-img\"><a href=\"https:\/\/patiocanelas.com\/patiowp\/es\/aventua-es\/\" tabindex=\"-1\"><img decoding=\"async\" src=\"https:\/\/patiocanelas.com\/patiowp\/wp-content\/uploads\/elementor\/thumbs\/kitelogo-pfa8af6k3inkkessumg2195aqxlxnx08n8co9c7q5y.png\" title=\"kitelogo\" alt=\"kitelogo\" loading=\"lazy\" \/><\/a><\/figure><div class=\"elementor-image-box-content\"><h3 class=\"elementor-image-box-title\"><a href=\"https:\/\/patiocanelas.com\/patiowp\/es\/aventua-es\/\">Aventura<\/a><\/h3><p class=\"elementor-image-box-description\">Kiteboard etc.<\/p><\/div><\/div>\t\t\t\t<\/div>\n\t\t\t\t<\/div>\n\t\t\t\t\t<\/div>\n\t\t<\/div>\n\t\t\t\t<div class=\"elementor-column elementor-col-16 elementor-inner-column elementor-element elementor-element-20a8e7d\" data-id=\"20a8e7d\" data-element_type=\"column\">\n\t\t\t<div class=\"elementor-widget-wrap elementor-element-populated\">\n\t\t\t\t\t\t<div class=\"elementor-element elementor-element-737a462 elementor-position-top elementor-widget elementor-widget-image-box\" data-id=\"737a462\" data-element_type=\"widget\" data-widget_type=\"image-box.default\">\n\t\t\t\t<div class=\"elementor-widget-container\">\n\t\t\t\t\t<div class=\"elementor-image-box-wrapper\"><figure class=\"elementor-image-box-img\"><a href=\"https:\/\/patiocanelas.com\/patiowp\/es\/parque-natural-es\/\" tabindex=\"-1\"><img decoding=\"async\" src=\"https:\/\/patiocanelas.com\/patiowp\/wp-content\/uploads\/elementor\/thumbs\/dunassjacinto-pfa8ae8pwoma8su6041fgrdu5jqkg7wib3p6s294c6.png\" title=\"dunassjacinto\" alt=\"dunassjacinto\" loading=\"lazy\" \/><\/a><\/figure><div class=\"elementor-image-box-content\"><h3 class=\"elementor-image-box-title\"><a href=\"https:\/\/patiocanelas.com\/patiowp\/es\/parque-natural-es\/\">Reserva Natural<\/a><\/h3><p class=\"elementor-image-box-description\">Dunas de S.Jacinto - Observar aves<\/p><\/div><\/div>\t\t\t\t<\/div>\n\t\t\t\t<\/div>\n\t\t\t\t\t<\/div>\n\t\t<\/div>\n\t\t\t\t<div class=\"elementor-column elementor-col-16 elementor-inner-column elementor-element elementor-element-7938be5\" data-id=\"7938be5\" data-element_type=\"column\">\n\t\t\t<div class=\"elementor-widget-wrap elementor-element-populated\">\n\t\t\t\t\t\t<div class=\"elementor-element elementor-element-6d9582c elementor-position-top elementor-widget elementor-widget-image-box\" data-id=\"6d9582c\" data-element_type=\"widget\" data-widget_type=\"image-box.default\">\n\t\t\t\t<div class=\"elementor-widget-container\">\n\t\t\t\t\t<div class=\"elementor-image-box-wrapper\"><figure class=\"elementor-image-box-img\"><a href=\"https:\/\/patiocanelas.com\/patiowp\/es\/turismo-ecuestre\/\" tabindex=\"-1\"><img decoding=\"async\" src=\"https:\/\/patiocanelas.com\/patiowp\/wp-content\/uploads\/elementor\/thumbs\/cavalos-pfa8acd1j0jplkwwb386bruwyrzu0tp1mue7tibwom.png\" title=\"cavalos\" alt=\"cavalos\" loading=\"lazy\" \/><\/a><\/figure><div class=\"elementor-image-box-content\"><h3 class=\"elementor-image-box-title\"><a href=\"https:\/\/patiocanelas.com\/patiowp\/es\/turismo-ecuestre\/\">Turismo Ecuestre<\/a><\/h3><p class=\"elementor-image-box-description\">Paseo a Cavalo<\/p><\/div><\/div>\t\t\t\t<\/div>\n\t\t\t\t<\/div>\n\t\t\t\t\t<\/div>\n\t\t<\/div>\n\t\t\t\t\t<\/div>\n\t\t<\/section>\n\t\t\t\t\t<\/div>\n\t\t<\/div>\n\t\t\t\t\t<\/div>\n\t\t<\/section>\n\t\t\t\t<section class=\"elementor-section elementor-top-section elementor-element elementor-element-3111092 elementor-section-boxed elementor-section-height-default elementor-section-height-default\" data-id=\"3111092\" data-element_type=\"section\">\n\t\t\t\t\t\t<div class=\"elementor-container elementor-column-gap-default\">\n\t\t\t\t\t<div class=\"elementor-column elementor-col-100 elementor-top-column elementor-element elementor-element-267ac83\" data-id=\"267ac83\" data-element_type=\"column\">\n\t\t\t<div class=\"elementor-widget-wrap elementor-element-populated\">\n\t\t\t\t\t\t<div class=\"elementor-element elementor-element-08ff0a2 elementor-widget elementor-widget-heading\" data-id=\"08ff0a2\" data-element_type=\"widget\" data-widget_type=\"heading.default\">\n\t\t\t\t<div class=\"elementor-widget-container\">\n\t\t\t\t\t<h2 class=\"elementor-heading-title elementor-size-default\">Aventura<\/h2>\t\t\t\t<\/div>\n\t\t\t\t<\/div>\n\t\t\t\t<section class=\"elementor-section elementor-inner-section elementor-element elementor-element-32118c4 elementor-section-boxed elementor-section-height-default elementor-section-height-default\" data-id=\"32118c4\" data-element_type=\"section\">\n\t\t\t\t\t\t<div class=\"elementor-container elementor-column-gap-default\">\n\t\t\t\t\t<div class=\"elementor-column elementor-col-50 elementor-inner-column elementor-element elementor-element-405ae0a\" data-id=\"405ae0a\" data-element_type=\"column\">\n\t\t\t<div class=\"elementor-widget-wrap elementor-element-populated\">\n\t\t\t\t\t\t<div class=\"elementor-element elementor-element-3348fc0 elementor-widget elementor-widget-text-editor\" data-id=\"3348fc0\" data-element_type=\"widget\" data-widget_type=\"text-editor.default\">\n\t\t\t\t<div class=\"elementor-widget-container\">\n\t\t\t\t\t\t\t\t\t<h2><a href=\"http:\/\/www.kiteboardportugal.com\/\" target=\"_blank\" rel=\"noopener\">Clube Nortada Aventura<\/a><\/h2><p>Nuestra regi\u00f3n goza de una larga costa atl\u00e1ntica y una magn\u00edfica Ria y azotada por el viento , lo que lo hace ideal para practicar deportes acu\u00e1ticos .<\/p><p>El Nortada Adventure Club , activo desde 1993 , tiene a su disposici\u00f3n un equipo que ofrece una amplia gama de actividades de aventura . Usted puede aprender o practicar por ejemplo, kiteboard , kite surf , paddle surf, escalada , etc.<\/p>\t\t\t\t\t\t\t\t<\/div>\n\t\t\t\t<\/div>\n\t\t\t\t\t<\/div>\n\t\t<\/div>\n\t\t\t\t<div class=\"elementor-column elementor-col-50 elementor-inner-column elementor-element elementor-element-7313d40\" data-id=\"7313d40\" data-element_type=\"column\">\n\t\t\t<div class=\"elementor-widget-wrap elementor-element-populated\">\n\t\t\t\t\t\t<div class=\"elementor-element elementor-element-efa36d0 elementor-widget elementor-widget-video\" data-id=\"efa36d0\" data-element_type=\"widget\" data-settings=\"{&quot;youtube_url&quot;:&quot;https:\\\/\\\/youtu.be\\\/muQ-ODftbmE&quot;,&quot;autoplay&quot;:&quot;yes&quot;,&quot;play_on_mobile&quot;:&quot;yes&quot;,&quot;video_type&quot;:&quot;youtube&quot;,&quot;controls&quot;:&quot;yes&quot;}\" data-widget_type=\"video.default\">\n\t\t\t\t<div class=\"elementor-widget-container\">\n\t\t\t\t\t\t\t<div class=\"elementor-wrapper elementor-open-inline\">\n\t\t\t<div class=\"elementor-video\"><\/div>\t\t<\/div>\n\t\t\t\t\t\t<\/div>\n\t\t\t\t<\/div>\n\t\t\t\t\t<\/div>\n\t\t<\/div>\n\t\t\t\t\t<\/div>\n\t\t<\/section>\n\t\t\t\t\t<\/div>\n\t\t<\/div>\n\t\t\t\t\t<\/div>\n\t\t<\/section>\n\t\t\t\t<section class=\"elementor-section elementor-top-section elementor-element elementor-element-51cdc40 elementor-section-boxed elementor-section-height-default elementor-section-height-default\" data-id=\"51cdc40\" data-element_type=\"section\">\n\t\t\t\t\t\t<div class=\"elementor-container elementor-column-gap-default\">\n\t\t\t\t\t<div class=\"elementor-column elementor-col-100 elementor-top-column elementor-element elementor-element-ec8bb35\" data-id=\"ec8bb35\" data-element_type=\"column\">\n\t\t\t<div class=\"elementor-widget-wrap\">\n\t\t\t\t\t\t\t<\/div>\n\t\t<\/div>\n\t\t\t\t\t<\/div>\n\t\t<\/section>\n\t\t\t\t<\/div>\n\t\t","protected":false},"excerpt":{"rendered":"<p>Caminadas Aventuras en la Naturaleza Bird Watching Zona Privilegiada Ciclo Turismo Alquiler para paseo Aventura Kiteboard etc. Reserva Natural Dunas de S.Jacinto &#8211; Observar aves Turismo Ecuestre Paseo a Cavalo Aventura Clube Nortada Aventura Nuestra regi\u00f3n goza de una larga costa atl\u00e1ntica y una magn\u00edfica Ria y azotada por el viento , lo que lo [&hellip;]<\/p>\n","protected":false},"author":1,"featured_media":0,"parent":0,"menu_order":0,"comment_status":"closed","ping_status":"closed","template":"","meta":{"site-sidebar-layout":"no-sidebar","site-content-layout":"page-builder","ast-site-content-layout":"default","site-content-style":"default","site-sidebar-style":"default","ast-global-header-display":"","ast-banner-title-visibility":"","ast-main-header-display":"","ast-hfb-above-header-display":"","ast-hfb-below-header-display":"","ast-hfb-mobile-header-display":"","site-post-title":"disabled","ast-breadcrumbs-content":"","ast-featured-img":"disabled","footer-sml-layout":"","theme-transparent-header-meta":"disabled","adv-header-id-meta":"","stick-header-meta":"","header-above-stick-meta":"","header-main-stick-meta":"","header-below-stick-meta":"","astra-migrate-meta-layouts":"default","ast-page-background-enabled":"default","ast-page-background-meta":{"desktop":{"background-color":"","background-image":"","background-repeat":"repeat","background-position":"center center","background-size":"auto","background-attachment":"scroll","background-type":"","background-media":"","overlay-type":"","overlay-color":"","overlay-opacity":"","overlay-gradient":""},"tablet":{"background-color":"","background-image":"","background-repeat":"repeat","background-position":"center center","background-size":"auto","background-attachment":"scroll","background-type":"","background-media":"","overlay-type":"","overlay-color":"","overlay-opacity":"","overlay-gradient":""},"mobile":{"background-color":"","background-image":"","background-repeat":"repeat","background-position":"center center","background-size":"auto","background-attachment":"scroll","background-type":"","background-media":"","overlay-type":"","overlay-color":"","overlay-opacity":"","overlay-gradient":""}},"ast-content-background-meta":{"desktop":{"background-color":"var(--ast-global-color-5)","background-image":"","background-repeat":"repeat","background-position":"center center","background-size":"auto","background-attachment":"scroll","background-type":"","background-media":"","overlay-type":"","overlay-color":"","overlay-opacity":"","overlay-gradient":""},"tablet":{"background-color":"var(--ast-global-color-5)","background-image":"","background-repeat":"repeat","background-position":"center center","background-size":"auto","background-attachment":"scroll","background-type":"","background-media":"","overlay-type":"","overlay-color":"","overlay-opacity":"","overlay-gradient":""},"mobile":{"background-color":"var(--ast-global-color-5)","background-image":"","background-repeat":"repeat","background-position":"center center","background-size":"auto","background-attachment":"scroll","background-type":"","background-media":"","overlay-type":"","overlay-color":"","overlay-opacity":"","overlay-gradient":""}},"ngg_post_thumbnail":0,"footnotes":""},"class_list":["post-2446","page","type-page","status-publish","hentry"],"_links":{"self":[{"href":"https:\/\/patiocanelas.com\/patiowp\/wp-json\/wp\/v2\/pages\/2446","targetHints":{"allow":["GET"]}}],"collection":[{"href":"https:\/\/patiocanelas.com\/patiowp\/wp-json\/wp\/v2\/pages"}],"about":[{"href":"https:\/\/patiocanelas.com\/patiowp\/wp-json\/wp\/v2\/types\/page"}],"author":[{"embeddable":true,"href":"https:\/\/patiocanelas.com\/patiowp\/wp-json\/wp\/v2\/users\/1"}],"replies":[{"embeddable":true,"href":"https:\/\/patiocanelas.com\/patiowp\/wp-json\/wp\/v2\/comments?post=2446"}],"version-history":[{"count":7,"href":"https:\/\/patiocanelas.com\/patiowp\/wp-json\/wp\/v2\/pages\/2446\/revisions"}],"predecessor-version":[{"id":2574,"href":"https:\/\/patiocanelas.com\/patiowp\/wp-json\/wp\/v2\/pages\/2446\/revisions\/2574"}],"wp:attachment":[{"href":"https:\/\/patiocanelas.com\/patiowp\/wp-json\/wp\/v2\/media?parent=2446"}],"curies":[{"name":"wp","href":"https:\/\/api.w.org\/{rel}","templated":true}]}}